{"id":91,"date":"2013-01-07T11:31:09","date_gmt":"2013-01-07T11:31:09","guid":{"rendered":"http:\/\/inovado2.mintithemes.com\/?page_id=91"},"modified":"2018-10-24T20:32:15","modified_gmt":"2018-10-24T18:32:15","slug":"hr-services","status":"publish","type":"page","link":"https:\/\/advanced-executive.com\/hr-services\/","title":{"rendered":"HR Services"},"content":{"rendered":"<div class=\"gap\" style=\"height: 10px;\"><\/div>\n<h1 style=\"font-size: 26px; text-align: center !important; color: #0426a4 !important; line-height: 34px;\">HR Services bei Advanced Executive.<\/h1>\n<div class=\"gap\" style=\"height: 0px;\"><\/div>\n<h3 style=\"text-align: center !important; color: #999999 !important;\">Mit unserer langj\u00e4hrigen Erfahrung als ganzheitliches Beratungsunternehmen im Human Resource Management sind wir einer der ersten Ansprechpartner erfolgreicher Unternehmen, wenn es um Personalfragen geht. Unsere Erfahrungen und Kompetenzen versetzen uns in die Lage, Ihnen einen ganzheitlichen Beratungsansatz zu bieten. AE entwickelt effiziente L\u00f6sungen f\u00fcr alle Bereiche des HR, wie Personalmanagement, Personalentwicklung und &#8211; Strategie.<\/h3>\n<div class=\"hr hr1\" style='margin:40px 0 50px 0 !important;'><\/div>\n<div class=\"two_third\">\n<h3 class=\"title\"><span>Unsere Methode<\/span><\/h3>\n<p><span class='dropcap dropcap-box'>I<\/span><span style=\"color: #444444;\">n der heutigen Zeit gewinnen Sie qualifizierte Fach- und F\u00fchrungskr\u00e4fte nur noch schwer \u00fcber Stellenanzeigen. Erfolgreicher ist die direkte, pers\u00f6nliche Kontaktaufnahme. Die Firma Advanced Executive hat sich auf die Direktansprache als Strategie der Personalbeschaffung spezialisiert. Mit einer Direktansprache (Direct Search) werden danach die ermittelten Personen angesprochen. Zudem triagieren wir bereits eingegangene CV\u2019s und suchen in unserer umfangreichen Datenbank nach vorg\u00e4ngig schon ermittelten Pers\u00f6nlichkeiten. Da wir unsere Suchmandate nicht mit externen Researchdienstleistern abwickeln (h\u00e4ufige Praxis vieler Personalberatungen), ist eine absolut diskrete und z\u00fcgige Abwicklung gew\u00e4hrleistet, die unsere Mandanten jederzeit nachvollziehen k\u00f6nnen. Dar\u00fcber hinaus garantiert die Komplettabwicklung unserem Auftraggeber einen Schutz vor sp\u00e4terer Abwerbung.<\/span><\/div>\n<div class=\"one_third last\">\n<h3 class=\"title\"><span>Warum wir?<\/span><\/h3>\n<ul class=\"styled-list\">\n<li><i class=\"icon-ok\"><\/i> Komplettes HR-Outsourcing<\/li>\n<li><i class=\"icon-ok\"><\/i> Personalstrategie<\/li>\n<li><i class=\"icon-ok\"><\/i> Incentive Solutions<\/li>\n<li><i class=\"icon-ok\"><\/i> Job Evaluation<\/li>\n<li><i class=\"icon-ok\"><\/i> Management Development &amp; Audit<\/li>\n<li><i class=\"icon-ok\"><\/i> HR Performance Management<\/li>\n<li><i class=\"icon-ok\"><\/i> Post Merger Integration<\/li>\n<li><i class=\"icon-ok\"><\/i> Outplacements<\/li>\n<div class=\"gap\" style=\"height: 20px;\"><\/div>\n<p><a href=\"https:\/\/advanced-executive.com\/kontakt-impressum\/\" target=\"_self\" class=\" button alternative-1 small\" rel=\"slides[buttonlightbox]\"><i class='icon-envelope'><\/i>Jetzt kontaktieren<\/a><\/p>\n<\/ul>\n<\/div>\n<div class=\"clear\"><\/div>\n<div class=\"alert-message notice\">Interessiert? Verlieren Sie keine Zeit und kontaktieren Sie uns noch heute.<span class=\"close\" href=\"#\">x<\/span><\/div>\n<div class=\"gap\" style=\"height: 40px;\"><\/div>\n<p>&nbsp;<\/p>\n","protected":false},"excerpt":{"rendered":"<p>HR Services bei Advanced Executive. Mit unserer langj\u00e4hrigen Erfahrung als ganzheitliches Beratungsunternehmen im Human Resource Management sind wir einer der ersten Ansprechpartner erfolgreicher Unternehmen, wenn es um Personalfragen geht. Unsere\u2026 <a href=\"https:\/\/advanced-executive.com\/hr-services\/\" class=\"read-more-link\">read more &rarr;<\/a><\/p>\n","protected":false},"author":1,"featured_media":0,"parent":0,"menu_order":0,"comment_status":"closed","ping_status":"closed","template":"page-fullwidth.php","meta":[],"_links":{"self":[{"href":"https:\/\/advanced-executive.com\/en\/wp-json\/wp\/v2\/pages\/91"}],"collection":[{"href":"https:\/\/advanced-executive.com\/en\/wp-json\/wp\/v2\/pages"}],"about":[{"href":"https:\/\/advanced-executive.com\/en\/wp-json\/wp\/v2\/types\/page"}],"author":[{"embeddable":true,"href":"https:\/\/advanced-executive.com\/en\/wp-json\/wp\/v2\/users\/1"}],"replies":[{"embeddable":true,"href":"https:\/\/advanced-executive.com\/en\/wp-json\/wp\/v2\/comments?post=91"}],"version-history":[{"count":8,"href":"https:\/\/advanced-executive.com\/en\/wp-json\/wp\/v2\/pages\/91\/revisions"}],"predecessor-version":[{"id":2592,"href":"https:\/\/advanced-executive.com\/en\/wp-json\/wp\/v2\/pages\/91\/revisions\/2592"}],"wp:attachment":[{"href":"https:\/\/advanced-executive.com\/en\/wp-json\/wp\/v2\/media?parent=91"}],"curies":[{"name":"wp","href":"https:\/\/api.w.org\/{rel}","templated":true}]}}