{"id":85,"date":"2013-01-07T10:51:17","date_gmt":"2013-01-07T10:51:17","guid":{"rendered":"http:\/\/inovado2.mintithemes.com\/?page_id=85"},"modified":"2019-09-19T17:03:25","modified_gmt":"2019-09-19T15:03:25","slug":"ueber-uns","status":"publish","type":"page","link":"https:\/\/advanced-executive.com\/en\/ueber-uns\/","title":{"rendered":"About Advanced Executive"},"content":{"rendered":"<div class=\"gap\" style=\"height: 10px;\"><\/div>\n<div class=\"two_third\">\n<h3 class=\"title\"><span>About Advanced Executive<\/span><\/h3>\n<p><span style=\"color: #000000;\">Wir sind eine moderne Executive Search Company, spezialisiert auf die zeitnahe und diskrete Besetzung von Fach- und F\u00fchrungspersonal, die Besetzung von Freelancern auf Projektbasis und die Platzierung von Verwaltungsr\u00e4ten speziell auch f\u00fcr Start Up&#8217;s und Ventures. AE bietet sich auch als Generalunternehmung f\u00fcr HR-Services und Ihre gesamte Personalsuche\/Selektion. AE wurde im Jahre 2006 gegr\u00fcndet.<\/span>\u00a0<\/div>\n<div class=\"one_third last\">\n<h3 class=\"title\"><span>100% Einsatz<\/span><\/h3>\n<div class=\"skill-title\">Search and Selection 100%<\/div>\n<div class=\"skillbar\" data-perc=\"100\">\n<div class=\"skill-percentage\"><\/div>\n<\/div>\n<div class=\"skill-title\">HR Services 100%<\/div>\n<div class=\"skillbar\" data-perc=\"100\">\n<div class=\"skill-percentage\"><\/div>\n<\/div>\n<div class=\"skill-title\">Benchmarking 100%<\/div>\n<div class=\"skillbar\" data-perc=\"100\">\n<div class=\"skill-percentage\"><\/div>\n<\/div>\n<\/div>\n<div class=\"clear\"><\/div>\n<div class=\"gap\" style=\"height: 20px;\"><\/div>\n<h3 class=\"title\"><span>Unser Team<\/span><\/h3>\n<p>Gerne stehen Ihnen unsere Berater jederzeit mit Rat und Tat zur Verf\u00fcgung:<\/p>\n<p>&nbsp;<\/p>\n<div class=\"one_third\">\n<div class=\"member\">\n<div class='member-img'><a href='open'><img src='https:\/\/advanced-executive.com\/wp-content\/uploads\/2014\/06\/astronaut.jpg' \/><\/a><\/div>\n<h4>Patrick Lanfranconi<\/h4>\n<div class=\"member-role\">Managing Partner<\/div>\n<ul class=\"styled-list\">\n<li><i class=\"icon-star\"><\/i>Mandatsleiter<\/li>\n<li><i class=\"icon-star\"><\/i>Personalstrategie<\/li>\n<li><i class=\"icon-star\"><\/i>Management Consulting<\/li>\n<li><i class=\"icon-star\"><\/i>Contracting<\/li>\n<\/ul>\n<div class=\"member-social\">\n<ul>\n<li class=\"member-social-email\"><a href=\"mailto:pl@advanced-executive.com\" title=\"Mail\">Mail<\/a><\/li>\n<\/ul>\n<\/div>\n<\/div>\n<\/div>\n<div class=\"one_third\">\n<div class=\"member\">\n<div class='member-img'><a href='open'><img src='https:\/\/advanced-executive.com\/wp-content\/uploads\/2014\/06\/astronaut.jpg' \/><\/a><\/div>\n<h4>Gian-Reto Good<\/h4>\n<div class=\"member-role\">Research Consultant<\/div>\n<ul class=\"styled-list\">\n<li><i class=\"icon-star\"><\/i>Research Consulting<\/li>\n<li><i class=\"icon-star\"><\/i>Talent Acquisition<\/li>\n<\/ul>\n<div class=\"member-social\">\n<ul>\n<li class=\"member-social-email\"><a href=\"mailto:research@advanced-executive.com\" title=\"Mail\">Mail<\/a><\/li>\n<\/ul>\n<\/div>\n<\/div>\n<\/div>\n<div class=\"one_third last\">\n<div class=\"member\">\n<div class='member-img'><a href='open'><img src='https:\/\/advanced-executive.com\/wp-content\/uploads\/2014\/06\/astronaut.jpg' \/><\/a><\/div>\n<h4>Nhu-Phi Le<\/h4>\n<div class=\"member-role\">Consultant<\/div>\n<ul class=\"styled-list\">\n<li><i class=\"icon-star\"><\/i>Executive Consultant<\/li>\n<li><i class=\"icon-star\"><\/i>Candidates Coaching<\/li>\n<li><i class=\"icon-star\"><\/i>Client Advisor<\/li>\n<\/ul>\n<div class=\"member-social\">\n<ul>\n<li class=\"member-social-email\"><a href=\"mailto:consulting@advanced-executive.com\" title=\"Mail\">Mail<\/a><\/li>\n<\/ul>\n<\/div>\n<\/div>\n<\/div>\n<div class=\"clear\"><\/div>\n","protected":false},"excerpt":{"rendered":"<p>About Advanced Executive Wir sind eine moderne Executive Search Company, spezialisiert auf die zeitnahe und diskrete Besetzung von Fach- und F\u00fchrungspersonal, die Besetzung von Freelancern auf Projektbasis und die Platzierung\u2026 <a href=\"https:\/\/advanced-executive.com\/en\/ueber-uns\/\" class=\"read-more-link\">read more &rarr;<\/a><\/p>\n","protected":false},"author":1,"featured_media":0,"parent":0,"menu_order":0,"comment_status":"closed","ping_status":"closed","template":"page-fullwidth.php","meta":[],"_links":{"self":[{"href":"https:\/\/advanced-executive.com\/en\/wp-json\/wp\/v2\/pages\/85"}],"collection":[{"href":"https:\/\/advanced-executive.com\/en\/wp-json\/wp\/v2\/pages"}],"about":[{"href":"https:\/\/advanced-executive.com\/en\/wp-json\/wp\/v2\/types\/page"}],"author":[{"embeddable":true,"href":"https:\/\/advanced-executive.com\/en\/wp-json\/wp\/v2\/users\/1"}],"replies":[{"embeddable":true,"href":"https:\/\/advanced-executive.com\/en\/wp-json\/wp\/v2\/comments?post=85"}],"version-history":[{"count":37,"href":"https:\/\/advanced-executive.com\/en\/wp-json\/wp\/v2\/pages\/85\/revisions"}],"predecessor-version":[{"id":2818,"href":"https:\/\/advanced-executive.com\/en\/wp-json\/wp\/v2\/pages\/85\/revisions\/2818"}],"wp:attachment":[{"href":"https:\/\/advanced-executive.com\/en\/wp-json\/wp\/v2\/media?parent=85"}],"curies":[{"name":"wp","href":"https:\/\/api.w.org\/{rel}","templated":true}]}}