{"id":2754,"date":"2016-09-22T14:59:28","date_gmt":"2016-09-22T12:59:28","guid":{"rendered":"http:\/\/advanced-executive.com\/ae\/?page_id=2754"},"modified":"2019-09-19T16:58:25","modified_gmt":"2019-09-19T14:58:25","slug":"contact-imprint","status":"publish","type":"page","link":"https:\/\/advanced-executive.com\/en\/contact-imprint\/","title":{"rendered":"Contact \/ Imprint"},"content":{"rendered":"<div id=\"map\" style=\"width:600px;height:300px;\" class=\"google_map full\"><\/div>\n\t<script type=\"text\/javascript\">\n\t\tvar latlng = new google.maps.LatLng(0, 0);\n\t\tvar myOptions = {\n\t\t\tzoom: 16,\n\t\t\tcenter: latlng,\n\t\t\tscrollwheel: true,\n\t\t\tscaleControl: false,\n\t\t\tdisableDefaultUI: false,\n\t\t\tmapTypeId: google.maps.MapTypeId.ROADMAP\n\t\t};\n\t\tvar map = new google.maps.Map(document.getElementById(\"map\"),\n\t\tmyOptions);\n\t\t\n\t\t    var geocoder_map = new google.maps.Geocoder();\n\t\t\tvar address = 'General Wille 21, Z\u00fcrich, Schweiz';\n\t\t\tgeocoder_map.geocode( { 'address': address}, function(results, status) {\n\t\t\t\tif (status == google.maps.GeocoderStatus.OK) {\n\t\t\t\t\tmap.setCenter(results[0].geometry.location);\n\t\t\t\t\tvar image = \"https:\/\/advanced-executive.com\/wp-content\/uploads\/2013\/01\/office.png\";\n\t\t\t\t\t\tvar marker = new google.maps.Marker({\n\t\t\t\t\t\t\tmap: map, \n\t\t\t\t\t\t\ticon: image,\n\t\t\t\t\t\t\tposition: map.getCenter()\n\t\t\t\t\t\t});\n\t\t\t\t\t\t\n\t\t\t\t\t\t\tvar contentString = 'Bahnhofstrasse 94, Z\u00fcrich, Schweiz';\n\t\t\t\t\t\t\tvar infowindow = new google.maps.InfoWindow({\n\t\t\t\t\t\t\t\tcontent: contentString\n\t\t\t\t\t\t\t});\n\t\t\t\t\t\t\t\t\t\t\n\t\t\t\t\t\t\tgoogle.maps.event.addListener(marker, 'click', function() {\n\t\t\t\t\t\t\t  infowindow.open(map,marker);\n\t\t\t\t\t\t\t});\n\t\t\t\t\t\t\t\n\t\t\t\t} else {\n\t\t\t\talert(\"Geocode was not successful for the following reason: \" + status);\n\t\t\t}\n\t\t\t});\n\t\t\t<\/script>\n<div class=\"gap\" style=\"height: 40px;\"><\/div>\n<div class=\"two_third\">\n<h3 class=\"title\"><span>Contact form<\/span><\/h3>\n<p>Please leave us a message. We will get back to you as soon as possible.<br \/>\n<div role=\"form\" class=\"wpcf7\" id=\"wpcf7-f2662-o1\" lang=\"de-DE\" dir=\"ltr\">\n<div class=\"screen-reader-response\"><p role=\"status\" aria-live=\"polite\" aria-atomic=\"true\"><\/p> <ul><\/ul><\/div>\n<form action=\"\/en\/wp-json\/wp\/v2\/pages\/2754#wpcf7-f2662-o1\" method=\"post\" class=\"wpcf7-form init\" novalidate=\"novalidate\" data-status=\"init\">\n<div style=\"display: none;\">\n<input type=\"hidden\" name=\"_wpcf7\" value=\"2662\" \/>\n<input type=\"hidden\" name=\"_wpcf7_version\" value=\"5.5.6.1\" \/>\n<input type=\"hidden\" name=\"_wpcf7_locale\" value=\"de_DE\" \/>\n<input type=\"hidden\" name=\"_wpcf7_unit_tag\" value=\"wpcf7-f2662-o1\" \/>\n<input type=\"hidden\" name=\"_wpcf7_container_post\" value=\"0\" \/>\n<input type=\"hidden\" name=\"_wpcf7_posted_data_hash\" value=\"\" \/>\n<\/div>\n<p>Your name (mandatory)<br \/>\n    <span class=\"wpcf7-form-control-wrap your-name\"><input type=\"text\" name=\"your-name\" value=\"\" size=\"40\" class=\"wpcf7-form-control wpcf7-text wpcf7-validates-as-required\" aria-required=\"true\" aria-invalid=\"false\" \/><\/span> <\/p>\n<p>Your email (mandatory)<br \/>\n    <span class=\"wpcf7-form-control-wrap your-email\"><input type=\"email\" name=\"your-email\" value=\"\" size=\"40\" class=\"wpcf7-form-control wpcf7-text wpcf7-email wpcf7-validates-as-required wpcf7-validates-as-email\" aria-required=\"true\" aria-invalid=\"false\" \/><\/span> <\/p>\n<p>Subject<br \/>\n    <span class=\"wpcf7-form-control-wrap your-subject\"><input type=\"text\" name=\"your-subject\" value=\"\" size=\"40\" class=\"wpcf7-form-control wpcf7-text\" aria-invalid=\"false\" \/><\/span> <\/p>\n<p>Message<br \/>\n    <span class=\"wpcf7-form-control-wrap your-message\"><textarea name=\"your-message\" cols=\"40\" rows=\"10\" class=\"wpcf7-form-control wpcf7-textarea\" aria-invalid=\"false\"><\/textarea><\/span> <\/p>\n<p><input type=\"submit\" value=\"Submit\" class=\"wpcf7-form-control has-spinner wpcf7-submit\" \/><\/p>\n<p style=\"display: none !important;\"><label>&#916;<textarea name=\"_wpcf7_ak_hp_textarea\" cols=\"45\" rows=\"8\" maxlength=\"100\"><\/textarea><\/label><input type=\"hidden\" id=\"ak_js_1\" name=\"_wpcf7_ak_js\" value=\"74\"\/><script>document.getElementById( \"ak_js_1\" ).setAttribute( \"value\", ( new Date() ).getTime() );<\/script><\/p><div class=\"wpcf7-response-output\" aria-hidden=\"true\"><\/div><\/form><\/div><\/p><\/div>\n<div class=\"one_third last\">\n<h3 class=\"title\"><span>Contact information<\/span><\/h3>\n<p>Advanced Executive GmbH<br \/>\nGeneral Wille 21<br \/>\nCH-8002 Z\u00fcrich, Schweiz<\/p>\n<p><span style=\"color: #000000;\">+41 43 928 33 38<\/span><\/p>\n<p>info [at] advanced-executive.com<br \/>\n<a href=\"http:\/\/www.advanced-executive.com\">www.advanced-executive.com<\/a><\/p>\n<div class=\"gap\" style=\"height: 20px;\"><\/div>\n<h3 class=\"title\"><span>Office times<\/span><\/h3>\n<p><i class=\"icon-time\"><\/i> <strong>Monday to Friday:<\/strong> 8 am to 5 pm<br \/>\n<i class=\"icon-time\"><\/i> <strong>Saturday and Sunday:<\/strong> closed<\/p>\n<div class=\"clear\"><\/div>\n<\/div>\n<div class=\"clear\"><\/div>\n<h3 class=\"title\"><span>Imprint \/ Impressum (only German version)<\/span><\/h3>\n<p><strong>Herausgeber dieser Webpage <\/strong><\/p>\n<p>Advanced Executive GmbH<br \/>\nLocate Professionals &#8211; Leverage Companies<br \/>\nHeadhunting and Executive Search<br \/>\nHauptstrasse 24 &#8211; CH-8832 Wollerau<br \/>\nDirect +41 (0)43 928 33 38<\/p>\n<h3 class=\"title\"><span>Copyright<\/span><\/h3>\n<p>Alle Rechte vorbehalten, all rights reserved, Advanced Executive GmbH.<br \/>\nDie Webseiten einschliesslich ihrer Teile sind urheberrechtlich gesch\u00fctzt. Sie d\u00fcrfen nur zum privaten und nichtgewerblichen Gebrauch zum Zweck der Information kopiert und ausgedruckt werden, wenn sie den Copyright-Hinweis enthalten.<br \/>\nAutor s\u00e4mtlicher Textinhalte dieser Webpage ist Patrick Lanfranconi. Advanced Executive GmbH oder Patrick Lanfranconi beh\u00e4lt sich das Recht vor, diese Erlaubnis jederzeit zu widerrufen. Ohne vorherige schriftliche Genehmigung von Advanced Executive GmbH oder dem Autor d\u00fcrfen diese Dokumente\/Webseiten nicht vervielf\u00e4ltigt, archiviert, auf einem anderen Server gespeichert, in News-Gruppen einbezogen, in Online-Diensten benutzt oder auf einer CD-ROM gespeichert werden. Sie d\u00fcrfen jedoch in einen Cache oder einen Proxy-Server zur Optimierung der Zugriffsgeschwindigkeit kopiert werden.<br \/>\nWir erlauben ausdr\u00fccklich und begr\u00fcssen das Zitieren unserer Dokumente und Webseiten sowie das Setzen von Links auf unsere Website.<\/p>\n<h3 class=\"title\"><span>Haftungsausschluss<\/span><\/h3>\n<p>1. Inhalt des Onlineangebotes<br \/>\nDie Advanced Executive GmbH \u00fcbernimmt keinerlei Gew\u00e4hr f\u00fcr die Aktualit\u00e4t, Korrektheit und Vollst\u00e4ndigkeit der bereitgestellten Informationen. Haftungsanspr\u00fcche gegen die Advanced Executive GmbH, die sich auf Sch\u00e4den materieller oder immaterieller Art beziehen, die durch die Nutzung oder Nichtnutzung der dargebotenen Informationen bzw. durch die Nutzung fehlerhafter und unvollst\u00e4ndiger Informationen verursacht wurden, sind grunds\u00e4tzlich ausgeschlossen, sofern seitens der Advanced Executive GmbH kein nachweislich vors\u00e4tzliches oder grob fahrl\u00e4ssiges Verschulden vorliegt. Die Advanced Executive GmbH beh\u00e4lt es sich ausdr\u00fccklich vor, Teile der Seiten oder das gesamte Angebot ohne gesonderte Ank\u00fcndigung zu ver\u00e4ndern, zu erg\u00e4nzen, zu l\u00f6schen oder die Ver\u00f6ffentlichung zeitweise oder endg\u00fcltig einzustellen.<\/p>\n<p>2. Verweise und Links<br \/>\nDie Advanced Executive hat keinerlei Einfluss auf die aktuelle und zuk\u00fcnftige Gestaltung und auf die Inhalte fremder Internetseiten, auf die direkt oder indirekt verwiesen wird (Links). Deshalb distanziert sie sich hiermit ausdr\u00fccklich von allen Inhalten aller gelinkten\/verkn\u00fcpften Seiten.<\/p>\n<p>3. Urheber- und Kennzeichenrecht<br \/>\nDie Advanced Executive hat s\u00e4mtliche Urheberrechte der Autoren der verwendeten Grafiken, Tondokumente, Videosequenzen und Texte zu beachten. Sie ist bestrebt, m\u00f6glichst von ihr selbst erstellte Grafiken, Tondokumente, Videosequenzen und Texte zu nutzen oder auf lizenzfreie Grafiken, Tondokumente, Videosequenzen und Texte zur\u00fcckzugreifen. Eine Vervielf\u00e4ltigung oder Verwendung der innerhalb des Internetangebotes der Advanced Executive GmbH verwendeten Grafiken, Tondokumente, Videosequenzen und Texte in anderen elektronischen oder gedruckten Publikationen ist ohne ausdr\u00fcckliche Zustimmung des Autors nicht gestattet, sofern diese nicht ausdr\u00fccklich als lizenzfrei erkl\u00e4rt sind.<\/p>\n<p>Royalty Free Grafiken wurden freundlicherweise bereitgestellt von:<br \/>\nwww.FreeDigitalPhotos.net.<br \/>\nwww.bigfoto.com.<\/p>\n<p>4. Datenschutz<br \/>\nSofern innerhalb des Internetangebotes die M\u00f6glichkeit zur Eingabe pers\u00f6nlicher oder gesch\u00e4ftlicher Daten (E-Mail-Adressen, Namen, Anschriften) besteht, so erfolgt die Preisgabe dieser Daten seitens des Nutzers auf ausdr\u00fccklich freiwilliger Basis. Gleiches gilt f\u00fcr uns zugesendete Curriculum Vitae. Im eigenen Interesse sch\u00fctzt die Advanced Executive GmbH sensitive Daten bestm\u00f6glich.<\/p>\n","protected":false},"excerpt":{"rendered":"<p>Contact form Please leave us a message. We will get back to you as soon as possible. Contact information Advanced Executive GmbH General Wille 21 CH-8002 Z\u00fcrich, Schweiz +41 43\u2026 <a href=\"https:\/\/advanced-executive.com\/en\/contact-imprint\/\" class=\"read-more-link\">read more &rarr;<\/a><\/p>\n","protected":false},"author":1,"featured_media":0,"parent":0,"menu_order":0,"comment_status":"closed","ping_status":"closed","template":"page-fullwidth.php","meta":[],"_links":{"self":[{"href":"https:\/\/advanced-executive.com\/en\/wp-json\/wp\/v2\/pages\/2754"}],"collection":[{"href":"https:\/\/advanced-executive.com\/en\/wp-json\/wp\/v2\/pages"}],"about":[{"href":"https:\/\/advanced-executive.com\/en\/wp-json\/wp\/v2\/types\/page"}],"author":[{"embeddable":true,"href":"https:\/\/advanced-executive.com\/en\/wp-json\/wp\/v2\/users\/1"}],"replies":[{"embeddable":true,"href":"https:\/\/advanced-executive.com\/en\/wp-json\/wp\/v2\/comments?post=2754"}],"version-history":[{"count":4,"href":"https:\/\/advanced-executive.com\/en\/wp-json\/wp\/v2\/pages\/2754\/revisions"}],"predecessor-version":[{"id":2800,"href":"https:\/\/advanced-executive.com\/en\/wp-json\/wp\/v2\/pages\/2754\/revisions\/2800"}],"wp:attachment":[{"href":"https:\/\/advanced-executive.com\/en\/wp-json\/wp\/v2\/media?parent=2754"}],"curies":[{"name":"wp","href":"https:\/\/api.w.org\/{rel}","templated":true}]}}