{"id":2681,"date":"2015-08-26T19:14:06","date_gmt":"2015-08-26T17:14:06","guid":{"rendered":"http:\/\/advanced-executive.com\/ae\/?page_id=2681"},"modified":"2022-06-04T13:53:47","modified_gmt":"2022-06-04T11:53:47","slug":"job-offers","status":"publish","type":"page","link":"https:\/\/advanced-executive.com\/en\/job-offers\/","title":{"rendered":"Job Offers"},"content":{"rendered":"<div class=\"two_third\">\n<h3 class=\"title\"><span>Stellenmarkt \/ Aktuelle Mandate<\/span><\/h3>\n<p><span style=\"color: #000000;\">Spannende Profile gesucht? Unsere Datenbank verf\u00fcgt \u00fcber 14&#8217;000 Profile von Fach- und F\u00fchrungskr\u00e4ften im In- und Ausland. Kontaktieren Sie uns noch heute f\u00fcr Ihre spezifische Anfrage.<\/span><\/p>\n<div class=\"gap\" style=\"height: 20px;\"><\/div>\n<div class=\"accordion\" rel=\"0\">\n<div class=\"accordion-title\"><a href=\"#\">Teamleiter IT-Assurance &amp; Audit<\/a><\/div>\n<div class=\"accordion-inner\">Das IT Assurance Team unterst\u00fctzt Kunden im nationalen und internationalen Umfeld in der Analyse und Bewertung von IT Strukturen zu Themen der Funktionalit\u00e4t, Effizienz und des Risikomanagements.<\/p>\n<p>In dieser Position:<\/p>\n<p>analysieren und bewerten Sie Prozesse von IT-Systemen und automatisierte Businessprozesse im Rahmen der finanziellen Berichterstattung<br \/>\nunterst\u00fctzen Sie unsere Teams in der Revision von Kunden im Bereich Industrie oder Financial Services<br \/>\nidentifizieren Sie Optimierungspotenzial bei unseren Kunden und bieten Unterst\u00fctzung bei der Umsetzung von Verbesserungen an<br \/>\ninteragieren Sie selbst\u00e4ndig mit IT Kundenvertretern in leitenden Funktionen und auf operativer Ebene und meistern auch anspruchsvolle Situationen erfolgreich<br \/>\nverschaffen Sie sich fundierte Einblicke in die IT Welt unserer nationalen und internationalen Kunden<\/p>\n<p>Ihr Profil:<\/p>\n<p>Masterabschluss in Wirtschaftsinformatik (oder Betriebswirtschaft mit Informatik \/ Informatik mit Betriebswirtschaft)<br \/>\nBreite Berufserfahrung im Bereich IT-Audit und -Advisory<br \/>\nStilsichere Deutschkenntnisse, hervorragende m\u00fcndliche und schriftliche Englischkenntnisse<br \/>\nAusgepr\u00e4gte Eigeninitiative und Detailorientiertheit mit Anspruch auf h\u00f6chste Qualit\u00e4tsstandards<br \/>\nFaszination f\u00fcr komplexe Aufgabenstellungen und Prozesse<\/p>\n<p>Unsere Kundin, eine weltweit f\u00fchrende Beratungsfirma bietet Ihnen in eine vielversprechende Karriere und die M\u00f6glichkeit in einer dynamischen und internationalen Umgebung t\u00e4tig zu werden. Sind Sie eine unternehmerisch denkende, kundenorientierte und engagierte Pers\u00f6nlichkeit mit hoher Flexibilit\u00e4t und Mobilit\u00e4t? Wollen Sie diese einmalige Chance packen und sich einen Einblick in ein faszinierendes Umfeld verschaffen, dann melden Sie sich doch bitte bei uns.<\/p>\n<p>Wir freuen uns, Sie pers\u00f6nlich kennenzulernen.<\/p>\n<p>Advanced Executive GmbH<\/p>\n<p>Office ZH: +41 43 928 33 38<br \/>\nMobile: +41 79 541 10 21<\/p>\n<p>info@advanced-executive.com<\/p>\n<p>We locate Professionals to leverage Companies<\/p>\n<div class=\"gap\" style=\"height: 20px;\"><\/div>\n<p><a href=\"https:\/\/advanced-executive.com\/kontakt-impressum\/\" target=\"_self\" class=\" button alternative-1 small\" rel=\"slides[buttonlightbox]\"><i class='icon-share-alt'><\/i>Kontaktformular<\/a><\/div>\n<div class=\"accordion-title\"><a href=\"#\">PreSales Consultant im Cisco Umfeld<\/a><\/div>\n<div class=\"accordion-inner\">Unternehmung<br \/>\nUnsere Kundin ist ein international f\u00fchrendes ITC-Unternehmen mit moderner Firmenkultur, flachen Hierachien und grossem unternehmerischen Spielraum.<\/p>\n<p>Branche unserer Mandantin<br \/>\nTelco<\/p>\n<p>Arbeitsort im Wirtschaftsraum<br \/>\nZ\u00fcrich<\/p>\n<p>Sal\u00e4rrahmen<br \/>\nnach Vereinbarung<\/p>\n<p>Position<br \/>\nPreSales Consultant<\/p>\n<p>Aufgaben und Anforderungen<br \/>\nAufgaben:<\/p>\n<p>&#8211; Aktive Verkaufsunterst\u00fctzung in Teamarbeit mit dem Account Manager<br \/>\n&#8211; Vorbereitung und Durchf\u00fchrung von Pr\u00e4sentationen<br \/>\n&#8211; Bearbeitung von Pflichtenheften \/ RFP&#8217;s<br \/>\n&#8211; Durchf\u00fchrung von Vorstudien<br \/>\n&#8211; Architekturanalyse und L\u00f6sungsdesign, Programmiertest<br \/>\n&#8211; Internationaler Know-how Transfer, technische Abkl\u00e4rungen,<br \/>\n&#8211; Teilnahme an Meetings<br \/>\n&#8211; Planung und Durchf\u00fchrung von Schulungen von Entwicklern und Systemadministratoren<\/p>\n<p>Anforderungen:<\/p>\n<p>&#8211; H\u00f6here IT-Ausbildung (vorzugsweise TS, HTL, ETH)<br \/>\n&#8211; aktuelle Ciscozertifizierung<br \/>\n&#8211; Erfahrung oder vertiefte Kenntnisse im Bereich Performance Testing<br \/>\n&#8211; Vertiefte Kenntnisse im Bereich Unified Communication<br \/>\n&#8211; vorzugsweise erste Erfahrung als PreSales Consultant<br \/>\n&#8211; Aktive, kunden- und l\u00f6sungsorientierte Haltung, pr\u00e4sentations- und kommunikationsstark<br \/>\n&#8211; Wunsch, erworbenes Technologiewissen kunden- und l\u00f6sungsorientiert einzusetzen<br \/>\n&#8211; gute Englischkenntnisse<br \/>\nWir freuen uns, Sie pers\u00f6nlich kennenzulernen.<\/p>\n<div class=\"gap\" style=\"height: 20px;\"><\/div>\n<p><a href=\"https:\/\/advanced-executive.com\/kontakt-impressum\/\" target=\"_self\" class=\" button alternative-1 small\" rel=\"slides[buttonlightbox]\"><i class='icon-share-alt'><\/i>Kontaktformular<\/a><\/div>\n<div class=\"accordion-title\"><a href=\"#\">Key Account Manager institutionelle Grosskunden<\/a><\/div>\n<div class=\"accordion-inner\">Unternehmung: Unsere Kundin ist ein weltweit f\u00fchrender Versicherungskonzern<\/p>\n<p>Tasks:<\/p>\n<p>Initiiert, entwickelt und pflegt proaktiv langfristige Kunden- und<br \/>\nPartnerbeziehungen<\/p>\n<p>Ist in der Lage, mit einer autonomen PK intensiv \u00fcber L\u00f6sungen zu<br \/>\ndiskutieren und daraus einen Auftrag zu generieren<\/p>\n<p>Erkennen m\u00f6glicher Optimierungsm\u00f6glichkeiten einer Stiftung<\/p>\n<p>Beratung im Bereich Jahresrechnungen (Swiss Gap FER, IAS 19, etc.)<\/p>\n<p>Die Aufgaben umfassen im Weiteren:<\/p>\n<p>Verkauf des ganzen Dienstleistungsportfeuille der Gruppe<br \/>\nVersicherungstechnische Beratung\/ R\u00fcckdeckung und Risiken<br \/>\nPension Governance \u2013 Strategieberatung (unternehmerische F\u00fchrung \/<br \/>\nSteuerung)<br \/>\nALM\/ Risikoberatung\/ R\u00fcckdeckung<br \/>\nRechtsberatung<br \/>\nSchulung<br \/>\nLokale und Internationale Rechnungslegung \u2013 IFRS, US-GAAP und Swiss GAAP<br \/>\nGesch\u00e4ftsf\u00fchrung<br \/>\nVerwaltung \u2013 technische und kaufm\u00e4nnische<br \/>\nSie bringen mit:<br \/>\nAusgezeichnete Kenntnisse der autonomen Vorsorgewelt<br \/>\nMehrj\u00e4hrige Erfahrung in einer vergleichbaren Funktion mit entsprechendem Beziehungsnetz zu Gesch\u00e4ftsf\u00fchrern und Stiftungsr\u00e4ten von Pensionskassen<br \/>\nProfessioneller Auftritt, kundenorientiertes Denken und Verhandlungsgeschick<br \/>\nDynamische Pers\u00f6nlichkeit mit qualit\u00e4ts- und ergebnisorientierter Arbeitsweise<br \/>\nSehr gute Kenntnisse in Deutsch, Englisch und Franz\u00f6sisch<\/p>\n<p>Wir freuen uns auf Ihr CV<\/p>\n<div class=\"gap\" style=\"height: 20px;\"><\/div>\n<p><a href=\"https:\/\/advanced-executive.com\/kontakt-impressum\/\" target=\"_self\" class=\" button alternative-1 small\" rel=\"slides[buttonlightbox]\"><i class='icon-share-alt'><\/i>Kontaktformular<\/a><\/div>\n<div class=\"accordion-title\"><a href=\"#\">Business Analyst Avaloq<\/a><\/div>\n<div class=\"accordion-inner\">Aufgabenbereich:<br \/>\n\u00b7 Beantwortung von User-Anfragen und Aufnahme von User-Requirement<br \/>\n\u00b7 Consulting \/ Business Analyse \/ Anforderungen in Zusammenhang der Trading Applikation ULLINK sowie Hauptkunde Execution Desk (B\u00f6rsenh\u00e4ndler)<br \/>\n\u00b7 Analyse und Dokumentation von Business Anforderungen der Frontapplikationen Ordermanagement System (ULLINK) und Algo\/Smart Order Routing (QUOD) und Dokumentation von Business- und IT-Abl\u00e4ufen<br \/>\n\u00b7 Unterst\u00fctzung beim Sicherstellen des reibungslosen Betriebs der Applikationen und laufendes monitoren der relevanten Betriebsprozesse<br \/>\n\u00b7 Unterst\u00fctzung beim schnellen und effizienten l\u00f6sen von Problemen nach dem Ticketing f\u00fcr die End- User Erstellen von Dokumentationen f\u00fcr Service Desk Mitarbeitende und Anwender (WIKI)<br \/>\n\u00b7 Mitarbeiten in Entwicklungsprojekten im Hinblick auf die \u00dcberf\u00fchrung in den Betrieb (Service-Transition) inklusive Release-Management<br \/>\n\u00b7 Durchf\u00fchrung von Applikationsschulungen f\u00fcr die Benutzer<br \/>\n\u00b7 Bereitstellen von Testcases, Testing, Testmanagement Verantwortung von User Acceptance Tests (Koordination und Durchf\u00fchrung)<br \/>\n\u00b7 Mitarbeit \/ Koordination in verschiedenen IT Projekten als Fachspezialist<br \/>\n\u00b7 Koordination mit den Applikationsverantwortlichen, den Entwicklern, dem Handel sowie mit weiteren Fachbereichen und Applikationen unter Ber\u00fccksichtigung von Abh\u00e4ngigkeiten<br \/>\n\u00b7 Definition und Priorisierung von Changes und Projektarbeiten (Releaseplanung)<br \/>\n\u00b7 Kommunikation von Changes \/ in Betrieb Execution DESK H\u00e4ndler<\/p>\n<div class=\"gap\" style=\"height: 20px;\"><\/div>\n<p><a href=\"https:\/\/advanced-executive.com\/kontakt-impressum\/\" target=\"_self\" class=\" button alternative-1 small\" rel=\"slides[buttonlightbox]\"><i class='icon-share-alt'><\/i>Kontaktformular<\/a><\/div>\n<\/div>\n<\/div>\n<div class=\"one_third last\">\n<div id=\"map2\" style=\"width:400px;height:200px;\" class=\"google_map full\"><\/div>\n\t<script type=\"text\/javascript\">\n\t\tvar latlng = new google.maps.LatLng(0, 0);\n\t\tvar myOptions = {\n\t\t\tzoom: 14,\n\t\t\tcenter: latlng,\n\t\t\tscrollwheel: true,\n\t\t\tscaleControl: false,\n\t\t\tdisableDefaultUI: true,\n\t\t\tmapTypeId: google.maps.MapTypeId.ROADMAP\n\t\t};\n\t\tvar map2 = new google.maps.Map(document.getElementById(\"map2\"),\n\t\tmyOptions);\n\t\t\n\t\t    var geocoder_map2 = new google.maps.Geocoder();\n\t\t\tvar address = 'Bahnhofstrasse 94, Z\u00fcrich, Schweiz';\n\t\t\tgeocoder_map2.geocode( { 'address': address}, function(results, status) {\n\t\t\t\tif (status == google.maps.GeocoderStatus.OK) {\n\t\t\t\t\tmap2.setCenter(results[0].geometry.location);\n\t\t\t\t\tvar image = \"https:\/\/advanced-executive.com\/wp-content\/uploads\/2013\/01\/office.png\";\n\t\t\t\t\t\tvar marker = new google.maps.Marker({\n\t\t\t\t\t\t\tmap: map2, \n\t\t\t\t\t\t\ticon: image,\n\t\t\t\t\t\t\tposition: map2.getCenter()\n\t\t\t\t\t\t});\n\t\t\t\t\t\t\n\t\t\t\t} else {\n\t\t\t\talert(\"Geocode was not successful for the following reason: \" + status);\n\t\t\t}\n\t\t\t});\n\t\t\t<\/script>\n<div class=\"gap\" style=\"height: 40px;\"><\/div>\n<h3 class=\"title\"><span>Warum mit AE?<\/span><\/h3>\n<p>Weil wir Ihnen einen exklusiven Blick auf den verborgenen Arbeitsmarkt bieten.<\/p>\n<div class=\"gap\" style=\"height: 20px;\"><\/div>\n<h3 class=\"title\"><span>Anderes Profil?<\/span><\/h3>\n<p>Wir suchen immer nach neuen Talenten!<\/p>\n<p><a href=\"https:\/\/advanced-executive.com\/contact-imprint\/\" target=\"_self\" class=\" button alternative-1 small\" rel=\"slides[buttonlightbox]\"><i class='icon-share-alt'><\/i>Kontaktformular<\/a><\/p>\n<\/div>\n<div class=\"clear\"><\/div>\n","protected":false},"excerpt":{"rendered":"<p>Stellenmarkt \/ Aktuelle Mandate Spannende Profile gesucht? Unsere Datenbank verf\u00fcgt \u00fcber 14&#8217;000 Profile von Fach- und F\u00fchrungskr\u00e4ften im In- und Ausland. Kontaktieren Sie uns noch heute f\u00fcr Ihre spezifische Anfrage.\u2026 <a href=\"https:\/\/advanced-executive.com\/en\/job-offers\/\" class=\"read-more-link\">read more &rarr;<\/a><\/p>\n","protected":false},"author":1,"featured_media":0,"parent":0,"menu_order":0,"comment_status":"closed","ping_status":"closed","template":"page-fullwidth.php","meta":[],"_links":{"self":[{"href":"https:\/\/advanced-executive.com\/en\/wp-json\/wp\/v2\/pages\/2681"}],"collection":[{"href":"https:\/\/advanced-executive.com\/en\/wp-json\/wp\/v2\/pages"}],"about":[{"href":"https:\/\/advanced-executive.com\/en\/wp-json\/wp\/v2\/types\/page"}],"author":[{"embeddable":true,"href":"https:\/\/advanced-executive.com\/en\/wp-json\/wp\/v2\/users\/1"}],"replies":[{"embeddable":true,"href":"https:\/\/advanced-executive.com\/en\/wp-json\/wp\/v2\/comments?post=2681"}],"version-history":[{"count":2,"href":"https:\/\/advanced-executive.com\/en\/wp-json\/wp\/v2\/pages\/2681\/revisions"}],"predecessor-version":[{"id":2797,"href":"https:\/\/advanced-executive.com\/en\/wp-json\/wp\/v2\/pages\/2681\/revisions\/2797"}],"wp:attachment":[{"href":"https:\/\/advanced-executive.com\/en\/wp-json\/wp\/v2\/media?parent=2681"}],"curies":[{"name":"wp","href":"https:\/\/api.w.org\/{rel}","templated":true}]}}