{"id":2522,"date":"2014-06-03T22:51:43","date_gmt":"2014-06-03T20:51:43","guid":{"rendered":"http:\/\/advanced-executive.com\/ae\/?page_id=2522"},"modified":"2015-08-26T19:10:45","modified_gmt":"2015-08-26T17:10:45","slug":"search-selection","status":"publish","type":"page","link":"https:\/\/advanced-executive.com\/search-selection\/","title":{"rendered":"Search &#038; Selection"},"content":{"rendered":"<div class=\"gap\" style=\"height: 10px;\"><\/div>\n<h1 style=\"font-size: 26px; text-align: center !important; color: #0426a4 !important; line-height: 34px;\">Executive Search &#8211; Diskret und effizient<\/h1>\n<div class=\"gap\" style=\"height: 0px;\"><\/div>\n<h3 style=\"text-align: center !important; color: #999999 !important;\">Die Advanced Executive hat sich auf die Direktansprache als Strategie der Personalbeschaffung spezialisiert.<\/h3>\n<div class=\"hr hr1\" style='margin:40px 0 50px 0 !important;'><\/div>\n<div class=\"one_half\">\n<h3 class=\"title\"><span>Direktansprache<\/span><\/h3>\n<p><span class='dropcap dropcap-box'>I<\/span>n der heutigen Zeit gewinnen Sie qualifizierte Fach- und F\u00fchrungskr\u00e4fte nur noch schwer \u00fcber Stellenanzeigen. Erfolgreicher ist die direkte, pers\u00f6nliche Kontaktaufnahme. Die Firma Advanced Executive hat sich auf die Direktansprache als Strategie der Personalbeschaffung spezialisiert. Mit einer Direktansprache (Direct Search) werden danach die ermittelten Personen angesprochen. Zudem triagieren wir bereits eingegangene CV&#8217;s und suchen in unserer umfangreichen Datenbank nach vorg\u00e4ngig schon ermittelten Pers\u00f6nlichkeiten. Da wir unsere Suchmandate nicht mit externen Researchdienstleistern abwickeln (h\u00e4ufige Praxis vieler Personalberatungen), ist eine absolut diskrete und z\u00fcgige Abwicklung gew\u00e4hrleistet, die unsere Mandanten jederzeit nachvollziehen k\u00f6nnen. Dar\u00fcber hinaus garantiert die Komplettabwicklung unserem Auftraggeber einen Schutz vor sp\u00e4terer Abwerbung.<\/div>\n<div class=\"one_half last\">\n<h3 class=\"title\"><span>Erfolgreiches Recruiting<\/span><\/h3>\n<p><span class='dropcap dropcap-box'>E<\/span>rfordert gr\u00fcndliche Kenntnis der Markt- und Firmensituation. Eine massgeschneiderte Beratung und die genaue Identifikation der Ziele und Anforderungen unserer Klienten sind dabei ebenso entscheidend wie der intensive und kontinuierliche Dialog mit dem den Kandidaten. Wir scannen den Markt f\u00fcr Sie und suchen mit unseren effizienten Researchmethoden die Zielgruppe und Zielfirmen heraus. In der heutigen Zeit gewinnen Sie qualifizierte Fach- und F\u00fchrungskr\u00e4fte nur noch schwer \u00fcber Stellenanzeigen. Erfolgreicher ist die direkte, pers\u00f6nliche Kontaktaufnahme.<\/div>\n<div class=\"clear\"><\/div>\n<div class=\"alert-message notice\">Interessiert? Verlieren Sie keine Zeit und kontaktieren Sie uns noch heute.<span class=\"close\" href=\"#\">x<\/span><\/div>\n<div class=\"gap\" style=\"height: 40px;\"><\/div>\n<p>&nbsp;<\/p>\n","protected":false},"excerpt":{"rendered":"<p>Executive Search &#8211; Diskret und effizient Die Advanced Executive hat sich auf die Direktansprache als Strategie der Personalbeschaffung spezialisiert. Direktansprache In der heutigen Zeit gewinnen Sie qualifizierte Fach- und F\u00fchrungskr\u00e4fte\u2026 <a href=\"https:\/\/advanced-executive.com\/search-selection\/\" class=\"read-more-link\">read more &rarr;<\/a><\/p>\n","protected":false},"author":1,"featured_media":0,"parent":0,"menu_order":0,"comment_status":"open","ping_status":"closed","template":"page-fullwidth.php","meta":[],"_links":{"self":[{"href":"https:\/\/advanced-executive.com\/en\/wp-json\/wp\/v2\/pages\/2522"}],"collection":[{"href":"https:\/\/advanced-executive.com\/en\/wp-json\/wp\/v2\/pages"}],"about":[{"href":"https:\/\/advanced-executive.com\/en\/wp-json\/wp\/v2\/types\/page"}],"author":[{"embeddable":true,"href":"https:\/\/advanced-executive.com\/en\/wp-json\/wp\/v2\/users\/1"}],"replies":[{"embeddable":true,"href":"https:\/\/advanced-executive.com\/en\/wp-json\/wp\/v2\/comments?post=2522"}],"version-history":[{"count":6,"href":"https:\/\/advanced-executive.com\/en\/wp-json\/wp\/v2\/pages\/2522\/revisions"}],"predecessor-version":[{"id":2570,"href":"https:\/\/advanced-executive.com\/en\/wp-json\/wp\/v2\/pages\/2522\/revisions\/2570"}],"wp:attachment":[{"href":"https:\/\/advanced-executive.com\/en\/wp-json\/wp\/v2\/media?parent=2522"}],"curies":[{"name":"wp","href":"https:\/\/api.w.org\/{rel}","templated":true}]}}